{"id":5862,"date":"2024-05-24T17:21:18","date_gmt":"2024-05-24T17:21:18","guid":{"rendered":"https:\/\/fredshouserestaurant.com\/es\/?page_id=5862"},"modified":"2024-06-04T17:38:05","modified_gmt":"2024-06-04T17:38:05","slug":"aviso-de-privacidad","status":"publish","type":"page","link":"https:\/\/fredshouserestaurant.com\/es\/aviso-de-privacidad\/","title":{"rendered":"Aviso de Privacidad"},"content":{"rendered":"\t\t<div data-elementor-type=\"wp-page\" data-elementor-id=\"5862\" class=\"elementor elementor-5862\">\n\t\t\t\t\t\t<section class=\"elementor-section elementor-top-section elementor-element elementor-element-9629ad8 elementor-section-height-min-height ot-traditional elementor-section-boxed elementor-section-height-default elementor-section-items-middle\" data-id=\"9629ad8\" data-element_type=\"section\" data-settings=\"{&quot;background_background&quot;:&quot;classic&quot;}\">\n\t\t\t\t\t\t<div class=\"elementor-container elementor-column-gap-default\">\n\t\t\t\t\t<div class=\"elementor-column elementor-col-100 elementor-top-column elementor-element elementor-element-cc364cf ot-flex-column-vertical\" data-id=\"cc364cf\" data-element_type=\"column\">\n\t\t\t<div class=\"elementor-widget-wrap\">\n\t\t\t\t\t\t\t<\/div>\n\t\t<\/div>\n\t\t\t\t\t<\/div>\n\t\t<\/section>\n\t\t\t\t<section class=\"elementor-section elementor-top-section elementor-element elementor-element-9f0ad35 ot-traditional elementor-section-boxed elementor-section-height-default elementor-section-height-default\" data-id=\"9f0ad35\" data-element_type=\"section\">\n\t\t\t\t\t\t<div class=\"elementor-container elementor-column-gap-default\">\n\t\t\t\t\t<div class=\"elementor-column elementor-col-100 elementor-top-column elementor-element elementor-element-50144d8 ot-flex-column-vertical\" data-id=\"50144d8\" data-element_type=\"column\">\n\t\t\t<div class=\"elementor-widget-wrap elementor-element-populated\">\n\t\t\t\t\t\t<div class=\"elementor-element elementor-element-75a7137 elementor-widget elementor-widget-heading\" data-id=\"75a7137\" data-element_type=\"widget\" data-widget_type=\"heading.default\">\n\t\t\t\t<div class=\"elementor-widget-container\">\n\t\t\t<style>\/*! elementor - v3.20.0 - 13-03-2024 *\/\n.elementor-heading-title{padding:0;margin:0;line-height:1}.elementor-widget-heading .elementor-heading-title[class*=elementor-size-]>a{color:inherit;font-size:inherit;line-height:inherit}.elementor-widget-heading .elementor-heading-title.elementor-size-small{font-size:15px}.elementor-widget-heading .elementor-heading-title.elementor-size-medium{font-size:19px}.elementor-widget-heading .elementor-heading-title.elementor-size-large{font-size:29px}.elementor-widget-heading .elementor-heading-title.elementor-size-xl{font-size:39px}.elementor-widget-heading .elementor-heading-title.elementor-size-xxl{font-size:59px}<\/style><h1 class=\"elementor-heading-title elementor-size-default\">AVISO DE PRIVACIDAD<\/h1>\t\t<\/div>\n\t\t\t\t<\/div>\n\t\t\t\t<div class=\"elementor-element elementor-element-bac5a2f elementor-widget elementor-widget-text-editor\" data-id=\"bac5a2f\" data-element_type=\"widget\" data-widget_type=\"text-editor.default\">\n\t\t\t\t<div class=\"elementor-widget-container\">\n\t\t\t<style>\/*! elementor - v3.20.0 - 13-03-2024 *\/\n.elementor-widget-text-editor.elementor-drop-cap-view-stacked .elementor-drop-cap{background-color:#69727d;color:#fff}.elementor-widget-text-editor.elementor-drop-cap-view-framed .elementor-drop-cap{color:#69727d;border:3px solid;background-color:transparent}.elementor-widget-text-editor:not(.elementor-drop-cap-view-default) .elementor-drop-cap{margin-top:8px}.elementor-widget-text-editor:not(.elementor-drop-cap-view-default) .elementor-drop-cap-letter{width:1em;height:1em}.elementor-widget-text-editor .elementor-drop-cap{float:left;text-align:center;line-height:1;font-size:50px}.elementor-widget-text-editor .elementor-drop-cap-letter{display:inline-block}<\/style>\t\t\t\t<p><span style=\"font-weight: 400;\">En cumplimiento a la Ley Federal de Protecci\u00f3n de Datos Personales en Posesi\u00f3n de los Particulares (la \u201cLey\u201d), la sociedad denominada \u201cFred\u2019s Cancun, S.A. de C.V.\u201d, sociedad nombrada como (\u201cFRED\u2019S\u201d), con domicilio ubicado en Avenida Bonampak, Puerto Canc\u00fan, Supermanzana 3, Manzana 27, Lote D1 2, Edificio Nido, Piso 5, C\u00f3digo Postal 77500,\u00a0Canc\u00fan\u00a0Q.\u00a0Roo, en la ciudad de Canc\u00fan, Quintana Roo, es responsable del uso y protecci\u00f3n de sus Datos Personales, y al respecto le informamos lo siguiente:<\/span><\/p><p><span style=\"font-weight: 400;\">Sus datos ser\u00e1n recabados y tratados bajo los principios de licitud, consentimiento, informaci\u00f3n, calidad, finalidad, lealtad, proporcionalidad y responsabilidad, de conformidad con lo dispuesto por la Ley antes mencionada.<\/span><\/p><p><b>\u00bfPara qu\u00e9 fines utilizaremos sus Datos Personales?<\/b><\/p><p><span style=\"font-weight: 400;\">Los Datos Personales que recabamos de usted, los utilizaremos para las siguientes finalidades que son necesarias para la prestaci\u00f3n de nuestros Servicios y el desarrollo de nuestras actividades:<\/span><\/p><p><b>FINALIDADES PRIMARIAS:<\/b><\/p><p><span style=\"font-weight: 400;\">Para la prestaci\u00f3n de los Servicios que ofrece FRED\u2019S, (en adelante los \u201cServicios\u201d). Para realizar el cobro y Facturaci\u00f3n de nuestros Servicios. Evaluar la calidad de nuestros Servicios. Atender sus opiniones, quejas y\/o sugerencias. Otorgarle descuentos en los Restaurantes. Contactarlo v\u00eda telef\u00f3nica, correo electr\u00f3nico, correo ordinario y cualquier otro medio en relaci\u00f3n con los fines informativos y promocionales de la Empresa. Llenar los formatos conocidos como \u201cSurvey Pocket\u201d. Para cumplir disposiciones legales y obligaciones derivadas de la relaci\u00f3n jur\u00eddica que tenga FRED\u2019S con los Clientes.<\/span><\/p><p><span style=\"font-weight: 400;\">De manera adicional, utilizaremos su informaci\u00f3n personal para las siguientes finalidades que no son necesarias para el servicio solicitado, pero que nos permiten y facilitan brindarle una mejor atenci\u00f3n:<\/span><\/p><p><b>FINALIDADES SECUNDARIAS:<\/b><\/p><p><span style=\"font-weight: 400;\">Noticias Gastron\u00f3micas. Publicidad y Promociones. Env\u00edo de invitaciones a nuestros eventos y avisos publicitarios. Regalos. Llenado de encuestas de Satisfacci\u00f3n de Cliente. Fines estad\u00edsticos y de an\u00e1lisis interno.<\/span><\/p><p><span style=\"font-weight: 400;\">En caso de no estar de acuerdo con el tratamiento de sus Datos Personales sean tratados para para las finalidades secundarias, podr\u00e1 hacernos saber su negativa a trav\u00e9s de un escrito libre, envi\u00e1ndolo por escrito a la direcci\u00f3n de FRED\u2019S ubicada en: Avenida Bonampak, Puerto Canc\u00fan, Supermanzana 3, Manzana 27, Lote D1 2, Edificio Nido, Piso 5, C\u00f3digo Postal 77500,\u00a0Canc\u00fan\u00a0Q.\u00a0Roo, en la ciudad de Canc\u00fan, Quintana Roo, o mediante un correo electr\u00f3nico a la siguiente direcci\u00f3n: avisodeprivacidad@andermail.com, expresando su negativa al tratamiento de sus Datos Personales, en los t\u00e9rminos que se detallan m\u00e1s adelante para el ejercicio de los Derechos ARCO que le asisten como Titular.<\/span><\/p><p><span style=\"font-weight: 400;\">La negativa para el uso de sus Datos Personales para estas finalidades secundarias, no podr\u00e1 ser un motivo para que le neguemos los productos y servicios que solicita o contrata con nosotros.<\/span><\/p><p><span style=\"font-weight: 400;\">Si usted no manifiesta su negativa para tratar sus Datos Personales para las finalidades secundarias, entenderemos que nos ha otorgado su consentimiento.<\/span><\/p><p><span style=\"font-weight: 400;\">La temporalidad del manejo de los Datos Personales de los Titulares, depender\u00e1 de la relaci\u00f3n que tengan con FRED\u2019S, as\u00ed como de las obligaciones exigidas por la legislaci\u00f3n vigente las autoridades competentes y las pol\u00edticas internas de FRED\u2019S.<\/span><\/p><p><b>\u00bfQu\u00e9 Datos Personales utilizaremos para estos fines?<\/b><\/p><p><span style=\"font-weight: 400;\">Para llevar a cabo las finalidades descritas en el presente Aviso de Privacidad, utilizaremos los siguientes Datos Personales:<\/span><\/p><p><span style=\"font-weight: 400;\">\u2013Datos de identificaci\u00f3n, como Nombre completo (identificaci\u00f3n oficial con fotograf\u00eda), lugar y Fecha de Nacimiento, Edad, Sexo, Fotograf\u00eda, N\u00famero de Tel\u00e9fono Fijo o M\u00f3vil (particular), Fax (particular), Domicilio (particular y fiscal), la imagen del Titular al ingresar a las instalaciones de FRED\u2019S a trav\u00e9s de las c\u00e1maras de videovigilancia y seguridad), correo electr\u00f3nico, estado civil, Registro Federal de Contribuyentes (RFC), Clave \u00danica de Registro de Poblaci\u00f3n (CURP).<\/span><\/p><p><span style=\"font-weight: 400;\">\u2013Datos Laborales, como Ocupaci\u00f3n o actividad profesional, N\u00famero de Tel\u00e9fono fijo o m\u00f3vil laboral, Correo Electr\u00f3nico Laboral, Fax laboral.<\/span><\/p><p><span style=\"font-weight: 400;\">\u2013Datos de facturaci\u00f3n, referencia bancaria, domicilio fiscal, RFC.<\/span><\/p><p><span style=\"font-weight: 400;\">En FRED\u2019S no manejamos ni solicitamos Datos Personales sensibles; entendi\u00e9ndose como tal: aquellos Datos Personales que afecten a la esfera m\u00e1s \u00edntima de su Titular, o cuya utilizaci\u00f3n indebida pueda dar origen a discriminaci\u00f3n o conlleve un riesgo grave para \u00e9ste. En particular, se consideran sensibles aquellos que puedan revelar aspectos como origen racial o \u00e9tnico, estado de salud presente y futuro, informaci\u00f3n gen\u00e9tica, creencias religiosas, filos\u00f3ficas y morales, afiliaci\u00f3n sindical, opiniones pol\u00edticas, preferencia sexual.<\/span><\/p><p><b>\u00bfCon qui\u00e9n compartimos su informaci\u00f3n personal y para qu\u00e9 fines?<\/b><\/p><p><span style=\"font-weight: 400;\">Le informamos que sus Datos Personales son compartidos, dentro del pa\u00eds con las siguientes personas, empresas, organizaciones y autoridades distintas a nosotros, para los siguientes fines:<\/span><\/p><p><span style=\"font-weight: 400;\">Destinatario de los Datos Personales \/ Finalidad:<\/span><\/p><p><span style=\"font-weight: 400;\">Proveedor de Servicios de base de Datos por medio electr\u00f3nico \/ Encuestas Electr\u00f3nicas. Autoridades Locales, Estatales y Federales, as\u00ed como dependencias P\u00fablicas diversas y las que indique la ley \/ Cumplimiento de obligaciones que indique la ley. \/ Otros Restaurantes y tiendas del Grupo Anderson\u2019s \/ Servicio. Su banco \/En su caso, para realizar el cobro de nuestros Servicios con tarjeta de cr\u00e9dito y d\u00e9bito.<\/span><\/p><p><span style=\"font-weight: 400;\">Consiento y autorizo que mis Datos Personales sean tratados y transferidos conforme a lo previsto en el presente Aviso de Privacidad.<\/span><\/p><p>\u00a0<\/p><p><span style=\"font-weight: 400;\">Si usted no manifiesta su negativa para dichas transferencias, entenderemos que nos lo ha otorgado.<\/span><\/p><p><b>\u00bfCu\u00e1les son los derechos del Titular de los Datos Personales?<\/b><\/p><p><span style=\"font-weight: 400;\">Conforme a lo se\u00f1alado en la Ley Federal de Protecci\u00f3n de Datos Personales en Posesi\u00f3n de los Particulares, a partir del 6 de enero de 2012, usted podr\u00e1 como Titular de Datos Personales, ejercer los derechos de acceso, rectificaci\u00f3n, cancelaci\u00f3n y oposici\u00f3n, mismos que son conocidos bajo el acr\u00f3nimo de \u201cDerechos ARCO\u201d (siempre y cuando sea legalmente procedente). Asimismo, puede revocar, en todo momento, el consentimiento que haya otorgado y que fuere necesario para el tratamiento de sus Datos Personales, o limitar el uso o divulgaci\u00f3n de los mismos. En todos los casos en que sea procedente su solicitud, la entrega de los Datos Personales ser\u00e1 gratuita, y usted deber\u00e1 cubrir \u00fanicamente los gastos justificados de env\u00edo o con el costo de reproducci\u00f3n en copias u otros formatos que se generen como lo indica la Ley de la materia.<\/span><\/p><p><b>\u00bfC\u00f3mo puede acceder, rectificar o cancelar sus Datos Personales, u oponerse a su uso?<\/b><\/p><p><span style=\"font-weight: 400;\">Usted tiene derecho a conocer qu\u00e9 Datos Personales tenemos de usted, para qu\u00e9 los utilizamos y las condiciones del uso que les damos (Acceso). Asimismo, es su derecho solicitar la correcci\u00f3n de su informaci\u00f3n personal en caso de que est\u00e9 desactualizada, sea inexacta o incompleta (Rectificaci\u00f3n); que la eliminemos de nuestros registros o bases de datos cuando considere que la misma no est\u00e1 siendo utilizada conforme a los principios, deberes y obligaciones previstas en la normativa (Cancelaci\u00f3n); as\u00ed como oponerse al uso de sus Datos Personales para fines espec\u00edficos (Oposici\u00f3n). Estos derechos se conocen como derechos ARCO.<\/span><\/p><p><span style=\"font-weight: 400;\">Para el ejercicio de cualquiera de los Derechos ARCO, es necesario que env\u00ede la solicitud por escrito a FRED\u2019S, en su domicilio ubicado en: Avenida Bonampak, Puerto Canc\u00fan, Supermanzana 3, Manzana 27, Lote D1 2, Edificio Nido, Piso 5, C\u00f3digo Postal 77500,\u00a0Canc\u00fan\u00a0Q.\u00a0Roo, en la ciudad de Canc\u00fan, Quintana Roo, o v\u00eda correo electr\u00f3nico a la direcci\u00f3n avisodeprivacidad@andermail.com, el cual solicitamos confirme v\u00eda telef\u00f3nica para garantizar su correcta recepci\u00f3n. Si requiere alguna ayuda o asesor\u00eda de nuestra parte le pedimos sea tan amable de comunicarse a los tel\u00e9fonos (998) 193 17 00 al 20, Ext. 2012 de lunes a viernes de 09:00 a.m. a 01:30 p.m., y de 03:00 p.m., a 06:00 p.m.<\/span><\/p><p><b>\u00bfC\u00f3mo puede revocar su consentimiento para el uso de sus Datos Personales?<\/b><\/p><p><span style=\"font-weight: 400;\">Usted puede revocar el consentimiento que, en su caso, nos haya otorgado para el tratamiento de sus Datos Personales. Sin embargo, es importante que tenga en cuenta que no en todos los casos podremos atender su solicitud o concluir el uso de forma inmediata, ya que es posible que por alguna obligaci\u00f3n legal requiramos seguir tratando sus Datos Personales. Asimismo, usted deber\u00e1 considerar que para ciertos fines, la revocaci\u00f3n de su consentimiento implicar\u00e1 que no le podamos seguir prestando el servicio que nos solicit\u00f3, o la conclusi\u00f3n de su relaci\u00f3n con nosotros.<\/span><\/p><p><span style=\"font-weight: 400;\">Para revocar su consentimiento deber\u00e1 presentar su solicitud en nuestras oficinas ubicadas en: FRED\u2019S, en su domicilio ubicado en: Avenida Bonampak, Puerto Canc\u00fan, Supermanzana 3, Manzana 27, Lote D1 2, Edificio Nido, Piso 5, C\u00f3digo Postal 77500,\u00a0Canc\u00fan\u00a0Q.\u00a0Roo, en la ciudad de Canc\u00fan, Quintana Roo, o v\u00eda correo electr\u00f3nico a avisodeprivacidad@andermail.com el cual solicitamos confirme v\u00eda telef\u00f3nica para garantizar su correcta recepci\u00f3n. Si requiere alguna ayuda o asesor\u00eda de nuestra parte le pedimos sea tan amable de comunicarse a los tel\u00e9fonos (998) 193 17 00 al 20, Ext. 2012 de lunes a viernes de 09:00 a.m., a 01:30 p.m., y de 03:00 p.m., a 06:00 p.m.<\/span><\/p><p><span style=\"font-weight: 400;\">La revocaci\u00f3n del consentimiento puede efectuarse en cualquier momento, sin que se atribuyan efectos retroactivos. Para iniciar el proceso de revocaci\u00f3n, deber\u00e1 indicar de forma precisa el consentimiento que desea revocar, mediante escrito enviado a la direcci\u00f3n antes indicada o al correo electr\u00f3nico: avisodeprivacidad@andermail.com. La solicitud, por escrito y\/o electr\u00f3nica, de acceso, rectificaci\u00f3n, cancelaci\u00f3n u oposici\u00f3n, deber\u00e1 contener y acompa\u00f1ar lo siguiente:<\/span><\/p><p><span style=\"font-weight: 400;\">El nombre del Titular y domicilio u otro medio para comunicarle la respuesta a su solicitud. Los documentos que acrediten la identidad o, en su caso, la representaci\u00f3n legal del Titular. La descripci\u00f3n clara y precisa de los Datos Personales respecto de los que se busca ejercer alguno de los derechos antes mencionados, y Cualquier otro elemento o documento que facilite la localizaci\u00f3n de los Datos Personales. Para el caso de las solicitudes de rectificaci\u00f3n el Titular deber\u00e1 indicar las modificaciones a realizarse y aportar la documentaci\u00f3n que sustente su petici\u00f3n. FRED\u2019S, comunicar\u00e1 al Titular en veinte d\u00edas h\u00e1biles, contados desde la fecha en que se recibi\u00f3 la solicitud de acceso, rectificaci\u00f3n, cancelaci\u00f3n u oposici\u00f3n, la determinaci\u00f3n adoptada a efecto de que, si resulta procedente, se haga efectiva la misma dentro de los quince d\u00edas siguientes a la fecha en que se comunica la respuesta. Trat\u00e1ndose de solicitudes de acceso a Datos Personales, proceder\u00e1 la entrega, previa acreditaci\u00f3n de la identidad del solicitante o representante legal, seg\u00fan corresponda. Los plazos, antes referidos, podr\u00e1n ser ampliados una sola vez por un periodo igual; siempre y cuando, as\u00ed lo justifiquen las circunstancias del caso.<\/span><\/p><p><span style=\"font-weight: 400;\">La obligaci\u00f3n, de acceso a la informaci\u00f3n, se dar\u00e1 por cumplida cuando se pongan a disposici\u00f3n del Titular los Datos Personales; o bien, mediante la expedici\u00f3n de copias simples, documentos electr\u00f3nicos o cualquier otro medio que FRED\u2019S provea al Titular.<\/span><\/p><p><span style=\"font-weight: 400;\">En el caso de que el Titular solicite el acceso, a los datos, a una persona que presume es el responsable y \u00e9sta resulta no serlo, bastar\u00e1 con que as\u00ed se le indique al Titular por cualquiera de los medios impresos (carta de no procedencia) o electr\u00f3nicos (correo electr\u00f3nico, medios \u00f3pticos, etc.), para tener por cumplida la solicitud.<\/span><\/p><p><span style=\"font-weight: 400;\">FRED\u2019S podr\u00e1 negar el acceso a los Datos Personales, o a realizar la rectificaci\u00f3n o cancelaci\u00f3n o conceder la oposici\u00f3n al tratamiento de los mismos, en los siguientes supuestos:<\/span><\/p><p><span style=\"font-weight: 400;\">Cuando el solicitante no sea el Titular de los Datos Personales, o el representante legal no est\u00e9 debidamente acreditado para ello. Cuando en su base de datos, no se encuentren los Datos Personales del solicitante. Cuando se lesionen los derechos de un tercero. Cuando exista un impedimento legal, o la resoluci\u00f3n de una autoridad competente, que restrinja el acceso a los Datos Personales, o no permita la rectificaci\u00f3n, cancelaci\u00f3n u oposici\u00f3n de los mismos. Cuando la rectificaci\u00f3n, cancelaci\u00f3n u oposici\u00f3n haya sido previamente realizada. La negativa anteriormente se\u00f1alada podr\u00e1 ser parcial en cuyo caso FRED\u2019S efectuar\u00e1 el acceso, rectificaci\u00f3n, cancelaci\u00f3n u oposici\u00f3n requerida por el Titular.<\/span><\/p><p><span style=\"font-weight: 400;\">En todos los casos anteriores, FRED\u2019S deber\u00e1 informar el motivo de su decisi\u00f3n y comunicarla al Titular, o en su caso, al representante legal, en los plazos establecidos para tal efecto, por el mismo medio por el que se llev\u00f3 a cabo la solicitud, acompa\u00f1ando, en su caso, las pruebas que resulten pertinentes.<\/span><\/p><p><span style=\"font-weight: 400;\">FRED\u2019S no estar\u00e1 obligado a cancelar los Datos Personales cuando:<\/span><\/p><p><span style=\"font-weight: 400;\">Se refiera a las partes de un Contrato Privado, social o administrativo y sean necesarios para su desarrollo y cumplimiento. Deban ser tratados por disposici\u00f3n legal. Obstaculice actuaciones judiciales o administrativas vinculadas a obligaciones fiscales, la investigaci\u00f3n y persecuci\u00f3n de delitos o la actualizaci\u00f3n de sanciones administrativas Sean necesarios para proteger los intereses jur\u00eddicamente tutelados del Titular. Sean necesarios para realizar una acci\u00f3n en funci\u00f3n del inter\u00e9s p\u00fablico. Sean necesarios para cumplir con una obligaci\u00f3n legalmente adquirida por el Titular. De resultar procedente la cancelaci\u00f3n, FRED\u2019S establecer\u00e1 un periodo de bloqueo con el \u00fanico prop\u00f3sito de determinar posibles responsabilidades en relaci\u00f3n con su tratamiento hasta el plazo de prescripci\u00f3n legal o contractual de \u00e9stas, y notificarlo al Titular o a su representante en la respuesta a la solicitud de cancelaci\u00f3n, que se emita dentro del plazo de veinte d\u00edas h\u00e1biles, llevar a cabo el bloqueo en el plazo de quince d\u00edas h\u00e1biles y transcurrido el periodo de bloqueo, llevar a cabo la supresi\u00f3n correspondiente.<\/span><\/p><p><span style=\"font-weight: 400;\">El periodo de bloqueo ser\u00e1 hasta el plazo de prescripci\u00f3n legal o contractual correspondiente.<\/span><\/p><p><b>\u00bfC\u00f3mo puede limitar el uso o divulgaci\u00f3n de su informaci\u00f3n personal?<\/b><\/p><p><span style=\"font-weight: 400;\">Con objeto de que usted pueda limitar el uso y divulgaci\u00f3n de su informaci\u00f3n personal, le ofrecemos los siguientes medios:<\/span><\/p><p><span style=\"font-weight: 400;\">1) Su inscripci\u00f3n en el Registro P\u00fablico para Evitar Publicidad, que est\u00e1 a cargo de la Procuradur\u00eda Federal del Consumidor, con la finalidad de que sus Datos Personales no sean utilizados para recibir publicidad o promociones de empresas de bienes o Servicios. Para mayor informaci\u00f3n sobre este registro, usted puede consultar el portal de Internet de la PROFECO, o bien ponerse en contacto directo con \u00e9sta.<\/span><\/p><p><span style=\"font-weight: 400;\">2) Su registro en el listado de exclusi\u00f3n \u201cLISTA DE EXCLUSION FRED\u2019S\u201d, a fin de que sus Datos Personales no sean tratados para fines mercadot\u00e9cnicos, publicitarios o de prospecci\u00f3n comercial por nuestra parte. Para mayor informaci\u00f3n llamar al n\u00famero telef\u00f3nico (998) 193 17 00 al 20, Ext. 2012 de lunes a viernes de 09:00 a.m., a 01:30 p.m., y de 03:00 p.m. a 06:00 p.m., o enviar un correo electr\u00f3nico a la siguiente direcci\u00f3n avisodeprivacidad@andermail.com.<\/span><\/p><p><span style=\"font-weight: 400;\">El uso de tecnolog\u00edas de rastreo en nuestro portal de Internet.<\/span><\/p><p><span style=\"font-weight: 400;\">En nuestro portal de Internet podemos utilizar \u201ccookies\u201d, \u201cweb beacons\u201d y\/o elementos tecnol\u00f3gicos similares, para obtener informaci\u00f3n, como lo siguiente: (a) su tipo de navegador y sistema operativo; (b) p\u00e1ginas de internet que visita; (c) v\u00ednculos que sigue; (d) direcci\u00f3n de IP; (e) sitios que visit\u00f3 antes de entrar al nuestro; (f) reconocimiento de usuarios; (g) detectar informaci\u00f3n destacada; y (h) medir algunos par\u00e1metros de tr\u00e1fico. El bot\u00f3n de \u201cayuda\u201d que se encuentra en la barra de herramientas de la mayor\u00eda de los navegadores, le dir\u00e1 c\u00f3mo evitar aceptar nuevos cookies, c\u00f3mo hacer que el navegador le notifique cuando recibe un nuevo cookie o c\u00f3mo deshabilitar todos los cookies.<\/span><\/p><p><span style=\"font-weight: 400;\">Existen diversos sitios en la p\u00e1gina de FRED\u2019S que pueden conectarse con otros sitios web que no funcionan bajo las pol\u00edticas de privacidad de FRED\u2019S; cuando usted se conecta a otros sitios web, las pr\u00e1cticas de privacidad de FRED\u2019S as\u00ed como el presente Aviso ya no tienen validez. Invitamos a los usuarios a revisar las pol\u00edticas de privacidad as\u00ed como el Aviso correspondiente de cada sitio antes de revelar cualquier informaci\u00f3n de identificaci\u00f3n personal.<\/span><\/p><p><b>\u00bfC\u00f3mo puede conocer los cambios a este Aviso de Privacidad?<\/b><\/p><p><span style=\"font-weight: 400;\">El presente Aviso de Privacidad puede sufrir modificaciones, cambios o actualizaciones derivadas de nuevos requerimientos legales; de nuestras propias necesidades por los productos o Servicios que ofrecemos; de nuestras pr\u00e1cticas de privacidad o de cambios en nuestro modelo de negocios, o por otras causas.<\/span><\/p><p><span style=\"font-weight: 400;\">Nos reservamos el derecho de cambiar este Aviso de Privacidad en cualquier momento a discreci\u00f3n de sus administradores. La \u00faltima actualizaci\u00f3n en Pol\u00edticas de Privacidad, as\u00ed como cualquier cambio en el Aviso de Privacidad, podr\u00e1 consultarla en la direcci\u00f3n de la Sociedad citada al inicio del presente Aviso de Privacidad, o en el \u00e1rea de caja o recepci\u00f3n de cualquiera de nuestros establecimientos, sin que sea necesario comunicarle dicha modificaci\u00f3n al respecto a Usted en forma individual.<\/span><\/p><p><span style=\"font-weight: 400;\">Si el Titular proporciona sus Datos Personales significa que ha le\u00eddo, entendido y aceptado los t\u00e9rminos antes expuestos.<\/span><\/p><p><span style=\"font-weight: 400;\">Por lo anterior, otorgo mi consentimiento para que mis Datos Personales sean tratados de conformidad con los t\u00e9rminos y condiciones informados en el presente Aviso\u00a0de\u00a0Privacidad.<\/span><\/p>\t\t\t\t\t\t<\/div>\n\t\t\t\t<\/div>\n\t\t\t\t\t<\/div>\n\t\t<\/div>\n\t\t\t\t\t<\/div>\n\t\t<\/section>\n\t\t\t\t<\/div>\n\t\t","protected":false},"excerpt":{"rendered":"<p>AVISO DE PRIVACIDAD En cumplimiento a la Ley Federal de Protecci\u00f3n de Datos Personales en Posesi\u00f3n de los Particulares (la \u201cLey\u201d), la sociedad denominada \u201cFred\u2019s Cancun, S.A. de C.V.\u201d, sociedad nombrada como (\u201cFRED\u2019S\u201d), con domicilio ubicado en Avenida Bonampak, Puerto Canc\u00fan, Supermanzana 3, Manzana 27, Lote D1 2, Edificio Nido, Piso 5, C\u00f3digo Postal 77500,\u00a0Canc\u00fan\u00a0Q.\u00a0Roo, [&hellip;]<\/p>\n","protected":false},"author":4,"featured_media":0,"parent":0,"menu_order":0,"comment_status":"closed","ping_status":"closed","template":"elementor_header_footer","meta":{"footnotes":""},"class_list":["post-5862","page","type-page","status-publish","hentry"],"_links":{"self":[{"href":"https:\/\/fredshouserestaurant.com\/es\/wp-json\/wp\/v2\/pages\/5862","targetHints":{"allow":["GET"]}}],"collection":[{"href":"https:\/\/fredshouserestaurant.com\/es\/wp-json\/wp\/v2\/pages"}],"about":[{"href":"https:\/\/fredshouserestaurant.com\/es\/wp-json\/wp\/v2\/types\/page"}],"author":[{"embeddable":true,"href":"https:\/\/fredshouserestaurant.com\/es\/wp-json\/wp\/v2\/users\/4"}],"replies":[{"embeddable":true,"href":"https:\/\/fredshouserestaurant.com\/es\/wp-json\/wp\/v2\/comments?post=5862"}],"version-history":[{"count":38,"href":"https:\/\/fredshouserestaurant.com\/es\/wp-json\/wp\/v2\/pages\/5862\/revisions"}],"predecessor-version":[{"id":5909,"href":"https:\/\/fredshouserestaurant.com\/es\/wp-json\/wp\/v2\/pages\/5862\/revisions\/5909"}],"wp:attachment":[{"href":"https:\/\/fredshouserestaurant.com\/es\/wp-json\/wp\/v2\/media?parent=5862"}],"curies":[{"name":"wp","href":"https:\/\/api.w.org\/{rel}","templated":true}]}}